{"id":496,"date":"2015-09-25T10:47:05","date_gmt":"2015-09-25T08:47:05","guid":{"rendered":"http:\/\/magicride.rocks\/?page_id=496"},"modified":"2019-06-27T15:56:01","modified_gmt":"2019-06-27T13:56:01","slug":"partyveranstaltung","status":"publish","type":"page","link":"https:\/\/magicride.rocks\/?page_id=496","title":{"rendered":"Partyveranstaltung"},"content":{"rendered":"<hr \/>\n<p style=\"text-align: center;\"><span style=\"color: #ffffff;\">MagicRide.Party organisiert auch Ihre Party, nat\u00fcrlich mitsamt Musik. Wir richten uns ganz nach Ihren W\u00fcnschen. Dank unserer grossen Erfahrung im Cateringbereich k\u00f6nnen wir Ihren Event massgeschneidert organisieren. In Ihren R\u00e4umen oder in einem unserer Eventlokale, ganz nach Ihrem Gusto. Gerne erteilen wir Ihnen Auskunft und stellen Ihr Programm zusammen:\u00a0verlangen Sie\u00a0ganz unverbindlich\u00a0eine Offerte !<\/span><\/p>\n<p style=\"text-align: center;\"><span style=\"color: #ffffff;\"><strong>info@magicride.rocks<\/strong><\/span><\/p>\n<hr \/>\n<p style=\"text-align: center;\"><a href=\"mailto:info@magicride.rocks\"><img loading=\"lazy\" decoding=\"async\" class=\"size-full wp-image-630 aligncenter\" src=\"http:\/\/magicride.rocks\/wp-content\/uploads\/2015\/09\/hdrelay-contact-us-image.jpg\" alt=\"hdrelay-contact-us-image\" width=\"340\" height=\"400\" data-id=\"630\" srcset=\"https:\/\/magicride.rocks\/wp-content\/uploads\/2015\/09\/hdrelay-contact-us-image.jpg 340w, https:\/\/magicride.rocks\/wp-content\/uploads\/2015\/09\/hdrelay-contact-us-image-255x300.jpg 255w\" sizes=\"auto, (max-width: 340px) 100vw, 340px\" \/><\/a><\/p>\n<hr \/>\n<p><a href=\"http:\/\/magicride.party\"><img loading=\"lazy\" decoding=\"async\" class=\"aligncenter wp-image-1084\" src=\"http:\/\/magicride.rocks\/wp-content\/uploads\/2015\/09\/Folie1-3.jpg\" alt=\"Folie1\" width=\"732\" height=\"549\" data-id=\"1084\" srcset=\"https:\/\/magicride.rocks\/wp-content\/uploads\/2015\/09\/Folie1-3.jpg 960w, https:\/\/magicride.rocks\/wp-content\/uploads\/2015\/09\/Folie1-3-300x225.jpg 300w, https:\/\/magicride.rocks\/wp-content\/uploads\/2015\/09\/Folie1-3-768x576.jpg 768w\" sizes=\"auto, (max-width: 732px) 100vw, 732px\" \/><\/a><\/p>\n","protected":false},"excerpt":{"rendered":"<p>MagicRide.Party organisiert auch Ihre Party, nat\u00fcrlich mitsamt Musik. Wir richten uns ganz nach Ihren W\u00fcnschen. Dank unserer grossen Erfahrung im Cateringbereich k\u00f6nnen wir Ihren Event massgeschneidert organisieren. In Ihren R\u00e4umen&#8230; <\/p>\n","protected":false},"author":1,"featured_media":515,"parent":305,"menu_order":0,"comment_status":"closed","ping_status":"closed","template":"full-width.php","meta":{"footnotes":""},"class_list":["post-496","page","type-page","status-publish","has-post-thumbnail","hentry"],"_links":{"self":[{"href":"https:\/\/magicride.rocks\/index.php?rest_route=\/wp\/v2\/pages\/496","targetHints":{"allow":["GET"]}}],"collection":[{"href":"https:\/\/magicride.rocks\/index.php?rest_route=\/wp\/v2\/pages"}],"about":[{"href":"https:\/\/magicride.rocks\/index.php?rest_route=\/wp\/v2\/types\/page"}],"author":[{"embeddable":true,"href":"https:\/\/magicride.rocks\/index.php?rest_route=\/wp\/v2\/users\/1"}],"replies":[{"embeddable":true,"href":"https:\/\/magicride.rocks\/index.php?rest_route=%2Fwp%2Fv2%2Fcomments&post=496"}],"version-history":[{"count":30,"href":"https:\/\/magicride.rocks\/index.php?rest_route=\/wp\/v2\/pages\/496\/revisions"}],"predecessor-version":[{"id":1432,"href":"https:\/\/magicride.rocks\/index.php?rest_route=\/wp\/v2\/pages\/496\/revisions\/1432"}],"up":[{"embeddable":true,"href":"https:\/\/magicride.rocks\/index.php?rest_route=\/wp\/v2\/pages\/305"}],"wp:featuredmedia":[{"embeddable":true,"href":"https:\/\/magicride.rocks\/index.php?rest_route=\/wp\/v2\/media\/515"}],"wp:attachment":[{"href":"https:\/\/magicride.rocks\/index.php?rest_route=%2Fwp%2Fv2%2Fmedia&parent=496"}],"curies":[{"name":"wp","href":"https:\/\/api.w.org\/{rel}","templated":true}]}}