{"id":2248,"date":"2022-03-28T12:32:29","date_gmt":"2022-03-28T10:32:29","guid":{"rendered":"https:\/\/magicride.rocks\/?page_id=2248"},"modified":"2022-07-16T10:07:35","modified_gmt":"2022-07-16T08:07:35","slug":"special-guest","status":"publish","type":"page","link":"https:\/\/magicride.rocks\/?page_id=2248","title":{"rendered":"Special Guest Jennifer"},"content":{"rendered":"\n<div class=\"wp-block-columns is-layout-flex wp-container-core-columns-is-layout-9d6595d7 wp-block-columns-is-layout-flex\">\n<div class=\"wp-block-column is-layout-flow wp-block-column-is-layout-flow\">\n<figure class=\"wp-block-image size-full\"><a href=\"https:\/\/magicride.rocks\/wp-content\/uploads\/2022\/03\/2017-01-29-13.32.19.jpg\"><img loading=\"lazy\" decoding=\"async\" width=\"423\" height=\"550\" src=\"https:\/\/magicride.rocks\/wp-content\/uploads\/2022\/03\/2017-01-29-13.32.19.jpg\" alt=\"\" class=\"wp-image-2211\" srcset=\"https:\/\/magicride.rocks\/wp-content\/uploads\/2022\/03\/2017-01-29-13.32.19.jpg 423w, https:\/\/magicride.rocks\/wp-content\/uploads\/2022\/03\/2017-01-29-13.32.19-231x300.jpg 231w\" sizes=\"auto, (max-width: 423px) 100vw, 423px\" \/><\/a><\/figure>\n<\/div>\n\n\n\n<div class=\"wp-block-column is-layout-flow wp-block-column-is-layout-flow\">\n<figure class=\"wp-block-image size-full is-resized\"><a href=\"https:\/\/magicride.rocks\/wp-content\/uploads\/2022\/03\/IMG_0098.jpg\"><img loading=\"lazy\" decoding=\"async\" src=\"https:\/\/magicride.rocks\/wp-content\/uploads\/2022\/03\/IMG_0098.jpg\" alt=\"\" class=\"wp-image-2213\" width=\"401\" height=\"527\" srcset=\"https:\/\/magicride.rocks\/wp-content\/uploads\/2022\/03\/IMG_0098.jpg 360w, https:\/\/magicride.rocks\/wp-content\/uploads\/2022\/03\/IMG_0098-228x300.jpg 228w\" sizes=\"auto, (max-width: 401px) 100vw, 401px\" \/><\/a><\/figure>\n<\/div>\n<\/div>\n\n\n\n<p class=\"has-medium-font-size\" style=\"font-style:normal;font-weight:300\">Jennifer ist MagicRide&#8217;s neuester Gl\u00fccksfall ! Unser in Alabama USA aufgewachsene &#8220;Angel from Montgomery&#8221; begleitet, verw\u00f6hnt und verzaubert MagicRide und das Publikum mit ihrem virtuosen Geigenspiel &#8211; und ihrem nat\u00fcrlichen Charme. Bereits als 4-j\u00e4hrige Minigeigerin mit Klassik aufgewachsen, ist Jennifer unter anderem auch im (Gipsy) Jazz, im Swing und in der Americana Music daheim. Und &#8211; gottseidank &#8211; jetzt auch in der Schweiz. Ein &#8220;perfect Match&#8221; f\u00fcr die US-affinen MagicRide. Jennifer begleitet uns, wann immer ihr tougher Zeitplan es erlaubt. &#8220;The world is not enough&#8221;, ist man geneigt zu sagen: Jennifer spricht &#8211; neben Englisch und Deutsch &#8211; Arabisch, hat eine Saison mit dem National Orchestra von Jordanien konzertiert, in den USA und Europa mit diversen Orchestern getourt, sich vor Ort um die Regenw\u00e4lder auf Borneo gek\u00fcmmert, und daneben als Sprachwissenschafterin und Geographin an der Uni graduiert. What&#8217;s next Jennifer ?<\/p>\n\n\n\n<div style=\"height:34px\" aria-hidden=\"true\" class=\"wp-block-spacer\"><\/div>\n\n\n<div class=\"wp-block-image\">\n<figure class=\"aligncenter size-full\"><a href=\"https:\/\/magicride.rocks\/wp-content\/uploads\/2022\/03\/201855268_10225803274177623_6083110324831363267_n.jpg\"><img loading=\"lazy\" decoding=\"async\" width=\"433\" height=\"354\" src=\"https:\/\/magicride.rocks\/wp-content\/uploads\/2022\/03\/201855268_10225803274177623_6083110324831363267_n.jpg\" alt=\"\" class=\"wp-image-2212\" srcset=\"https:\/\/magicride.rocks\/wp-content\/uploads\/2022\/03\/201855268_10225803274177623_6083110324831363267_n.jpg 433w, https:\/\/magicride.rocks\/wp-content\/uploads\/2022\/03\/201855268_10225803274177623_6083110324831363267_n-300x245.jpg 300w\" sizes=\"auto, (max-width: 433px) 100vw, 433px\" \/><\/a><\/figure>\n<\/div>","protected":false},"excerpt":{"rendered":"<p>Jennifer ist MagicRide&#8217;s neuester Gl\u00fccksfall ! Unser in Alabama USA aufgewachsene &#8220;Angel from Montgomery&#8221; begleitet, verw\u00f6hnt und verzaubert MagicRide und das Publikum mit ihrem virtuosen Geigenspiel &#8211; und ihrem nat\u00fcrlichen&#8230; <\/p>\n","protected":false},"author":1,"featured_media":0,"parent":8,"menu_order":0,"comment_status":"closed","ping_status":"closed","template":"full-width.php","meta":{"footnotes":""},"class_list":["post-2248","page","type-page","status-publish","hentry"],"_links":{"self":[{"href":"https:\/\/magicride.rocks\/index.php?rest_route=\/wp\/v2\/pages\/2248","targetHints":{"allow":["GET"]}}],"collection":[{"href":"https:\/\/magicride.rocks\/index.php?rest_route=\/wp\/v2\/pages"}],"about":[{"href":"https:\/\/magicride.rocks\/index.php?rest_route=\/wp\/v2\/types\/page"}],"author":[{"embeddable":true,"href":"https:\/\/magicride.rocks\/index.php?rest_route=\/wp\/v2\/users\/1"}],"replies":[{"embeddable":true,"href":"https:\/\/magicride.rocks\/index.php?rest_route=%2Fwp%2Fv2%2Fcomments&post=2248"}],"version-history":[{"count":20,"href":"https:\/\/magicride.rocks\/index.php?rest_route=\/wp\/v2\/pages\/2248\/revisions"}],"predecessor-version":[{"id":2463,"href":"https:\/\/magicride.rocks\/index.php?rest_route=\/wp\/v2\/pages\/2248\/revisions\/2463"}],"up":[{"embeddable":true,"href":"https:\/\/magicride.rocks\/index.php?rest_route=\/wp\/v2\/pages\/8"}],"wp:attachment":[{"href":"https:\/\/magicride.rocks\/index.php?rest_route=%2Fwp%2Fv2%2Fmedia&parent=2248"}],"curies":[{"name":"wp","href":"https:\/\/api.w.org\/{rel}","templated":true}]}}