{"id":204,"date":"2015-09-11T16:37:55","date_gmt":"2015-09-11T14:37:55","guid":{"rendered":"http:\/\/magicride.rocks\/?page_id=204"},"modified":"2023-04-05T18:08:26","modified_gmt":"2023-04-05T16:08:26","slug":"walt","status":"publish","type":"page","link":"https:\/\/magicride.rocks\/?page_id=204","title":{"rendered":"Walt"},"content":{"rendered":"<p><strong><span style=\"color: #ffffff;\"><span lang=\"DE-CH\"><span style=\"font-family: Times New Roman;\">Walt Goetze, Lead Guitar<\/span><\/span><\/span><\/strong><\/p>\n<p><span style=\"color: #993366;\"><b><span lang=\"DE-CH\"><img loading=\"lazy\" decoding=\"async\" class=\"alignnone  wp-image-815\" src=\"http:\/\/magicride.rocks\/wp-content\/uploads\/2015\/09\/walter-geht-in-die-knie2.jpg\" alt=\"walter-geht-in-die-knie2\" width=\"262\" height=\"289\" data-id=\"815\" srcset=\"https:\/\/magicride.rocks\/wp-content\/uploads\/2015\/09\/walter-geht-in-die-knie2.jpg 510w, https:\/\/magicride.rocks\/wp-content\/uploads\/2015\/09\/walter-geht-in-die-knie2-271x300.jpg 271w\" sizes=\"auto, (max-width: 262px) 100vw, 262px\" \/><br \/>\n<\/span><\/b><\/span><\/p>\n<p><strong><span style=\"color: #ffffff;\"><a style=\"color: #ffffff;\" href=\"mailto:walt@magicride.rocks\" target=\"_blank\" rel=\"noopener noreferrer\">walt@magicride.rocks<\/a><\/span><\/strong><\/p>\n<p>Walter traktierte schon mit 10 Jahren die Ukulelen, Mandolinen und Banjos von Nachbarn, bis er endlich zur Wahrung des Hausfriedens eine eigene Klampfe bekam. Ferienjobs, w\u00e4hrend die anderen in der Badi hockten, erm\u00f6glichten den Kauf einer Telecaster und f\u00f6rderten in der Folge sein diplomatisches Geschick im Umgang mit Nachbarn, denn: man verdient sich nicht mit harter Arbeit eine Tele und spielt sie dann leise.\u00a0Jimi Hendrix, Jeff Beck, George Harrison, aber auch John McLaughlin, George Benson neben vielen anderen waren damals seine Helden. Er spielte u.a. mit den Z\u00fcrcher Sophie\u2019s Dream, in Beat Kennels Freefunkgruppe Intergarlic Band und in verschiedenen Formationen des Trompeters J\u00fcrg Grau.\u00a0Bei MagicRide tr\u00e4gt er mit Eigenkompositionen, Arrangements und mit melodi\u00f6sen Soli zum druckvollen und vielf\u00e4ltigen Sound bei.<\/p>\n<p><span style=\"color: #ffffff;\"><span lang=\"DE-CH\"><span style=\"font-family: Times New Roman;\">\u00a0<\/span><\/span><\/span><\/p>\n<hr \/>\n<div tabindex=\"0\" class=\"cycloneslider cycloneslider-template-standard cycloneslider-width-responsive\" id=\"cycloneslider-walti-1\" style=\"max-width:860px\" > <div class=\"cycloneslider-slides cycle-slideshow\" data-cycle-allow-wrap=\"true\" data-cycle-dynamic-height=\"off\" data-cycle-auto-height=\"860:460\" data-cycle-auto-height-easing=\"null\" data-cycle-auto-height-speed=\"250\" data-cycle-delay=\"0\" data-cycle-easing=\"\" data-cycle-fx=\"scrollHorz\" data-cycle-hide-non-active=\"true\" data-cycle-log=\"false\" data-cycle-next=\"#cycloneslider-walti-1 .cycloneslider-next\" data-cycle-pager=\"#cycloneslider-walti-1 .cycloneslider-pager\" data-cycle-pause-on-hover=\"true\" data-cycle-prev=\"#cycloneslider-walti-1 .cycloneslider-prev\" data-cycle-slides=\"&gt; div\" data-cycle-speed=\"1000\" data-cycle-swipe=\"1\" data-cycle-tile-count=\"7\" data-cycle-tile-delay=\"100\" data-cycle-tile-vertical=\"true\" data-cycle-timeout=\"4000\" > <div class=\"cycloneslider-slide cycloneslider-slide-image\" > <img decoding=\"async\" src=\"https:\/\/magicride.rocks\/wp-content\/uploads\/2015\/09\/IMG_3912-e1442327865994-860x460.jpg\" alt=\"\" title=\"\" \/> <\/div> <div class=\"cycloneslider-slide cycloneslider-slide-image\" > <img decoding=\"async\" src=\"https:\/\/magicride.rocks\/wp-content\/uploads\/2016\/02\/walter-blau-3-860x460.jpg\" alt=\"\" title=\"\" \/> <\/div> <div class=\"cycloneslider-slide cycloneslider-slide-image\" > <img decoding=\"async\" src=\"https:\/\/magicride.rocks\/wp-content\/uploads\/2016\/02\/walter-finger-blau-860x460.jpg\" alt=\"\" title=\"\" \/> <\/div> <div class=\"cycloneslider-slide cycloneslider-slide-image\" > <img decoding=\"async\" src=\"https:\/\/magicride.rocks\/wp-content\/uploads\/2016\/02\/walter-geht-in-die-knie-860x460.jpg\" alt=\"\" title=\"\" \/> <\/div> <div class=\"cycloneslider-slide cycloneslider-slide-image\" > <img decoding=\"async\" src=\"https:\/\/magicride.rocks\/wp-content\/uploads\/2016\/02\/walters-leidenschaft-860x460.jpg\" alt=\"\" title=\"\" \/> <\/div> <div class=\"cycloneslider-slide cycloneslider-slide-image\" > <img decoding=\"async\" src=\"https:\/\/magicride.rocks\/wp-content\/uploads\/2016\/02\/walters-fingerspiele-2-860x460.jpg\" alt=\"\" title=\"\" \/> <\/div> <div class=\"cycloneslider-slide cycloneslider-slide-image\" > <img decoding=\"async\" src=\"https:\/\/magicride.rocks\/wp-content\/uploads\/2016\/02\/walter-mit-\u00e4ffchen-2-860x460.jpg\" alt=\"\" title=\"\" \/> <\/div> <\/div> <div class=\"cycloneslider-pager\"><\/div> <a href=\"#\" class=\"cycloneslider-prev\"> <span class=\"arrow\"><\/span> <\/a> <a href=\"#\" class=\"cycloneslider-next\"> <span class=\"arrow\"><\/span> <\/a> <\/div>\n","protected":false},"excerpt":{"rendered":"<p>Walt Goetze, Lead Guitar walt@magicride.rocks Walter traktierte schon mit 10 Jahren die Ukulelen, Mandolinen und Banjos von Nachbarn, bis er endlich zur Wahrung des Hausfriedens eine eigene Klampfe bekam. Ferienjobs,&#8230; <\/p>\n","protected":false},"author":1,"featured_media":142,"parent":8,"menu_order":0,"comment_status":"closed","ping_status":"closed","template":"full-width.php","meta":{"footnotes":""},"class_list":["post-204","page","type-page","status-publish","has-post-thumbnail","hentry"],"_links":{"self":[{"href":"https:\/\/magicride.rocks\/index.php?rest_route=\/wp\/v2\/pages\/204","targetHints":{"allow":["GET"]}}],"collection":[{"href":"https:\/\/magicride.rocks\/index.php?rest_route=\/wp\/v2\/pages"}],"about":[{"href":"https:\/\/magicride.rocks\/index.php?rest_route=\/wp\/v2\/types\/page"}],"author":[{"embeddable":true,"href":"https:\/\/magicride.rocks\/index.php?rest_route=\/wp\/v2\/users\/1"}],"replies":[{"embeddable":true,"href":"https:\/\/magicride.rocks\/index.php?rest_route=%2Fwp%2Fv2%2Fcomments&post=204"}],"version-history":[{"count":20,"href":"https:\/\/magicride.rocks\/index.php?rest_route=\/wp\/v2\/pages\/204\/revisions"}],"predecessor-version":[{"id":2144,"href":"https:\/\/magicride.rocks\/index.php?rest_route=\/wp\/v2\/pages\/204\/revisions\/2144"}],"up":[{"embeddable":true,"href":"https:\/\/magicride.rocks\/index.php?rest_route=\/wp\/v2\/pages\/8"}],"wp:featuredmedia":[{"embeddable":true,"href":"https:\/\/magicride.rocks\/index.php?rest_route=\/wp\/v2\/media\/142"}],"wp:attachment":[{"href":"https:\/\/magicride.rocks\/index.php?rest_route=%2Fwp%2Fv2%2Fmedia&parent=204"}],"curies":[{"name":"wp","href":"https:\/\/api.w.org\/{rel}","templated":true}]}}