{"id":198,"date":"2015-09-11T16:33:41","date_gmt":"2015-09-11T14:33:41","guid":{"rendered":"http:\/\/magicride.rocks\/?page_id=198"},"modified":"2022-03-30T11:24:42","modified_gmt":"2022-03-30T09:24:42","slug":"bere","status":"publish","type":"page","link":"https:\/\/magicride.rocks\/?page_id=198","title":{"rendered":"Bere"},"content":{"rendered":"<p><span style=\"color: #ffffff;\"><strong>Andreas &#8216;Bere&#8217; Bertschinger &#8211; Guitar, Vocals<\/strong><\/span><\/p>\n<p><img loading=\"lazy\" decoding=\"async\" class=\"size-medium wp-image-1588 alignleft\" src=\"http:\/\/magicride.rocks\/wp-content\/uploads\/2019\/07\/6bb68656-9809-43a8-97a9-3f0917e453d0-267x300.jpg\" alt=\"\" width=\"267\" height=\"300\" data-id=\"1588\" srcset=\"https:\/\/magicride.rocks\/wp-content\/uploads\/2019\/07\/6bb68656-9809-43a8-97a9-3f0917e453d0-267x300.jpg 267w, https:\/\/magicride.rocks\/wp-content\/uploads\/2019\/07\/6bb68656-9809-43a8-97a9-3f0917e453d0.jpg 480w\" sizes=\"auto, (max-width: 267px) 100vw, 267px\" \/><br \/>\n<span style=\"color: #003300;\"> <a style=\"color: #003300;\" href=\"mailto:bere@magicride.rocks\" target=\"_blank\" rel=\"noopener noreferrer\"><span style=\"color: #ffffff;\">bere@magicride.rocks<\/span><\/a><\/span><\/p>\n<p><span style=\"color: #ffffff;\">Seine musikalischen Wurzeln reichen weit zur\u00fcck, schon im Kindergarten wurde er zu Gesangseinlagen verdonnert, was ihm in der Folge in diversen Ch\u00f6ren einen Stammplatz bescherte. Seine Leidenschaft f\u00fcr die Rockmusik ist in den bewegten 60ern ausgebrochen, als Musiker wie Bob Dylan und Bands wie die Floyd, Stones oder Birds ihre Karriere starteten, was ihn und einige Gleichgesinnte zur Gitarre greifen liess. Aus diesem Kreis ging die Rockband \u201ePassers-by Corporation\u201c hervor, die \u201aauf hoher See\u2019 erste Erfolge feierte, genauer auf einem Ledischiff vor der Landiwiese am legend\u00e4ren E68. Die Nachfolge-Formation \u201e68-special\u201c war dann jahrelang auf allen B\u00fchnen der Z\u00fcrcher-Szene pr\u00e4sent. Zu den \u201eMagicRide\u201c stiess er der Legende nach ums Jahr 2015, wo er heute zusammen mit Felix f\u00fcr den Leadgesang verantwortlich ist und mit seiner Tele und den Akustik-Gitarren f\u00fcr den rhythmischen Unterbau der Gruppe sorgt.<\/span><\/p>\n<hr \/>\n<div tabindex=\"0\" class=\"cycloneslider cycloneslider-template-standard cycloneslider-width-responsive\" id=\"cycloneslider-bere-2-1\" style=\"max-width:960px\" > <div class=\"cycloneslider-slides cycle-slideshow\" data-cycle-allow-wrap=\"true\" data-cycle-dynamic-height=\"off\" data-cycle-auto-height=\"960:520\" data-cycle-auto-height-easing=\"null\" data-cycle-auto-height-speed=\"250\" data-cycle-delay=\"0\" data-cycle-easing=\"\" data-cycle-fx=\"scrollHorz\" data-cycle-hide-non-active=\"true\" data-cycle-log=\"false\" data-cycle-next=\"#cycloneslider-bere-2-1 .cycloneslider-next\" data-cycle-pager=\"#cycloneslider-bere-2-1 .cycloneslider-pager\" data-cycle-pause-on-hover=\"true\" data-cycle-prev=\"#cycloneslider-bere-2-1 .cycloneslider-prev\" data-cycle-slides=\"&gt; div\" data-cycle-speed=\"1000\" data-cycle-swipe=\"1\" data-cycle-tile-count=\"7\" data-cycle-tile-delay=\"100\" data-cycle-tile-vertical=\"true\" data-cycle-timeout=\"4000\" > <div class=\"cycloneslider-slide cycloneslider-slide-image\" > <img decoding=\"async\" src=\"https:\/\/magicride.rocks\/wp-content\/uploads\/2015\/11\/Bere-Tessin1-960x520.jpg\" alt=\"\" title=\"\" \/> <\/div> <div class=\"cycloneslider-slide cycloneslider-slide-image\" > <img decoding=\"async\" src=\"https:\/\/magicride.rocks\/wp-content\/uploads\/2016\/02\/b\u00fchne-1-960x520.jpg\" alt=\"\" title=\"\" \/> <\/div> <div class=\"cycloneslider-slide cycloneslider-slide-image\" > <img decoding=\"async\" src=\"https:\/\/magicride.rocks\/wp-content\/uploads\/2016\/02\/b\u00fchne-blau-2-960x520.jpg\" alt=\"\" title=\"\" \/> <\/div> <div class=\"cycloneslider-slide cycloneslider-slide-image\" > <img decoding=\"async\" src=\"https:\/\/magicride.rocks\/wp-content\/uploads\/2016\/02\/b\u00fchne-pause-5-gitarren-stimmen-1-960x520.jpg\" alt=\"\" title=\"\" \/> <\/div> <div class=\"cycloneslider-slide cycloneslider-slide-image\" > <img decoding=\"async\" src=\"https:\/\/magicride.rocks\/wp-content\/uploads\/2015\/11\/skiing-sking-hd-wallpaper-wallpaper-ski-wallpapers--960x520.jpg\" alt=\"\" title=\"\" \/> <\/div> <div class=\"cycloneslider-slide cycloneslider-slide-image\" > <img decoding=\"async\" src=\"https:\/\/magicride.rocks\/wp-content\/uploads\/2015\/11\/Bere-Skimontur2-960x520.jpg\" alt=\"\" title=\"\" \/> <\/div> <div class=\"cycloneslider-slide cycloneslider-slide-image\" > <img decoding=\"async\" src=\"https:\/\/magicride.rocks\/wp-content\/uploads\/2015\/11\/mountain_bike_bicycle_freeride_extreme_stuff_hd-wallpaper-181393-960x520.jpg\" alt=\"\" title=\"\" \/> <\/div> <\/div> <div class=\"cycloneslider-pager\"><\/div> <a href=\"#\" class=\"cycloneslider-prev\"> <span class=\"arrow\"><\/span> <\/a> <a href=\"#\" class=\"cycloneslider-next\"> <span class=\"arrow\"><\/span> <\/a> <\/div>\n","protected":false},"excerpt":{"rendered":"<p>Andreas &#8216;Bere&#8217; Bertschinger &#8211; Guitar, Vocals bere@magicride.rocks Seine musikalischen Wurzeln reichen weit zur\u00fcck, schon im Kindergarten wurde er zu Gesangseinlagen verdonnert, was ihm in der Folge in diversen Ch\u00f6ren einen&#8230; <\/p>\n","protected":false},"author":1,"featured_media":185,"parent":8,"menu_order":0,"comment_status":"closed","ping_status":"closed","template":"full-width.php","meta":{"footnotes":""},"class_list":["post-198","page","type-page","status-publish","has-post-thumbnail","hentry"],"_links":{"self":[{"href":"https:\/\/magicride.rocks\/index.php?rest_route=\/wp\/v2\/pages\/198","targetHints":{"allow":["GET"]}}],"collection":[{"href":"https:\/\/magicride.rocks\/index.php?rest_route=\/wp\/v2\/pages"}],"about":[{"href":"https:\/\/magicride.rocks\/index.php?rest_route=\/wp\/v2\/types\/page"}],"author":[{"embeddable":true,"href":"https:\/\/magicride.rocks\/index.php?rest_route=\/wp\/v2\/users\/1"}],"replies":[{"embeddable":true,"href":"https:\/\/magicride.rocks\/index.php?rest_route=%2Fwp%2Fv2%2Fcomments&post=198"}],"version-history":[{"count":20,"href":"https:\/\/magicride.rocks\/index.php?rest_route=\/wp\/v2\/pages\/198\/revisions"}],"predecessor-version":[{"id":2288,"href":"https:\/\/magicride.rocks\/index.php?rest_route=\/wp\/v2\/pages\/198\/revisions\/2288"}],"up":[{"embeddable":true,"href":"https:\/\/magicride.rocks\/index.php?rest_route=\/wp\/v2\/pages\/8"}],"wp:featuredmedia":[{"embeddable":true,"href":"https:\/\/magicride.rocks\/index.php?rest_route=\/wp\/v2\/media\/185"}],"wp:attachment":[{"href":"https:\/\/magicride.rocks\/index.php?rest_route=%2Fwp%2Fv2%2Fmedia&parent=198"}],"curies":[{"name":"wp","href":"https:\/\/api.w.org\/{rel}","templated":true}]}}