{"id":1673,"date":"2019-12-12T09:46:56","date_gmt":"2019-12-12T08:46:56","guid":{"rendered":"http:\/\/magicride.rocks\/?page_id=1673"},"modified":"2022-08-15T15:52:26","modified_gmt":"2022-08-15T13:52:26","slug":"welcome","status":"publish","type":"page","link":"https:\/\/magicride.rocks\/?page_id=1673","title":{"rendered":"Welcome ! Bienvenidos !"},"content":{"rendered":"\n<div style=\"height:42px\" aria-hidden=\"true\" class=\"wp-block-spacer\"><\/div>\n\n\n<div class=\"wp-block-image\">\n<figure class=\"aligncenter size-full\"><a href=\"https:\/\/magicride.rocks\/wp-content\/uploads\/2022\/07\/e000d69c-4d8b-4597-b027-fb414de578b8-Kopie.jpg\"><img loading=\"lazy\" decoding=\"async\" width=\"1024\" height=\"475\" src=\"https:\/\/magicride.rocks\/wp-content\/uploads\/2022\/07\/e000d69c-4d8b-4597-b027-fb414de578b8-Kopie.jpg\" alt=\"\" class=\"wp-image-2386\" srcset=\"https:\/\/magicride.rocks\/wp-content\/uploads\/2022\/07\/e000d69c-4d8b-4597-b027-fb414de578b8-Kopie.jpg 1024w, https:\/\/magicride.rocks\/wp-content\/uploads\/2022\/07\/e000d69c-4d8b-4597-b027-fb414de578b8-Kopie-300x139.jpg 300w, https:\/\/magicride.rocks\/wp-content\/uploads\/2022\/07\/e000d69c-4d8b-4597-b027-fb414de578b8-Kopie-768x356.jpg 768w\" sizes=\"auto, (max-width: 1024px) 100vw, 1024px\" \/><\/a><\/figure>\n<\/div>\n\n\n<div style=\"height:38px\" aria-hidden=\"true\" class=\"wp-block-spacer\"><\/div>\n\n\n\n<p class=\"has-text-align-center has-medium-font-size\"><strong>Willkommen bei \u00a1 MagicRide !<\/strong><\/p>\n\n\n\n<p class=\"has-text-align-left has-medium-font-size\">\u00a1 MagicRide ! ist die gut gealterte Garage Band aus den Vororten von Z\u00fcrich. Man k\u00f6nnte auch sagen: eine age- and timeless Rock Group, parit\u00e4tisch zusammengesetzt aus Wein-, Bier- und Proseccoliebhabern. Am liebsten spielen wir zwei Arten von Songs, mit denen jedes Pub-&nbsp;und Party-Publikum garantiert abgeht. Das sind ausgew\u00e4hlte Rock-Oldies aus den 60ern und 70ern, und S\u00fcdstaaten-Americana der eher dreckigen Art. Wer also etwas anfangen kann mit den Sachen von den Stones, Willy DeVille, Hank III, Johnny Cash, The Band, Jimmy Hendrix, Grateful Dead, Mike Ness oder auch den Blackberry Smoke, der liegt mit MagicRide genau richtig ! Die Grooves gehen straight geradeaus, die Gitarren johlen, in der \u201cChuchi\u201d ch\u00f6cheln die Oldschool-Rhythmen, die Jungs an den Mikros kennen kein Pardon, es gilt \u201cLet the Good Times Roll\u201d\u2026 \u00a1 MagicRide ! spielen neben etlichen Eigenkompositionen vor allem eigenwillige Covers, und das mit ihrem unverkennbaren Groove, \u2013 stay tuned ! Die Band spielt in Beizen, Festzelten und an mehr oder weniger privaten Events aller Art rund um Z\u00fcrich und dar\u00fcber hinaus. Erdig &#8211; bluesig &#8211; funkig, unter vollem Einsatz und mit coolem Schmackes. Es muss einfach fetzen. Und unsere neue USA-helvetische Geheimwaffe &#8220;Agent Jenni&#8221; ist zur Stelle, wann immer es ihr tight schedule zul\u00e4sst. Jennifer ist very truly unser Angel from Montgomery.<\/p>\n\n\n\n<p><\/p>\n\n\n\n<div style=\"height:46px\" aria-hidden=\"true\" class=\"wp-block-spacer\"><\/div>\n\n\n<div class=\"wp-block-image\">\n<figure class=\"aligncenter size-full\"><a href=\"https:\/\/magicride.rocks\/wp-content\/uploads\/2022\/03\/201855268_10225803274177623_6083110324831363267_n.jpeg\"><img loading=\"lazy\" decoding=\"async\" width=\"640\" height=\"427\" src=\"https:\/\/magicride.rocks\/wp-content\/uploads\/2022\/03\/201855268_10225803274177623_6083110324831363267_n.jpeg\" alt=\"\" class=\"wp-image-2289\" srcset=\"https:\/\/magicride.rocks\/wp-content\/uploads\/2022\/03\/201855268_10225803274177623_6083110324831363267_n.jpeg 640w, https:\/\/magicride.rocks\/wp-content\/uploads\/2022\/03\/201855268_10225803274177623_6083110324831363267_n-300x200.jpeg 300w\" sizes=\"auto, (max-width: 640px) 100vw, 640px\" \/><\/a><figcaption>Unsere neueste Geheimwaffe: Special Guest Jennifer<\/figcaption><\/figure>\n<\/div>\n\n\n<div style=\"height:67px\" aria-hidden=\"true\" class=\"wp-block-spacer\"><\/div>\n","protected":false},"excerpt":{"rendered":"<p>Willkommen bei \u00a1 MagicRide ! \u00a1 MagicRide ! ist die gut gealterte Garage Band aus den Vororten von Z\u00fcrich. Man k\u00f6nnte auch sagen: eine age- and timeless Rock Group, parit\u00e4tisch&#8230; <\/p>\n","protected":false},"author":1,"featured_media":2198,"parent":0,"menu_order":0,"comment_status":"closed","ping_status":"closed","template":"full-width.php","meta":{"footnotes":""},"class_list":["post-1673","page","type-page","status-publish","has-post-thumbnail","hentry"],"_links":{"self":[{"href":"https:\/\/magicride.rocks\/index.php?rest_route=\/wp\/v2\/pages\/1673","targetHints":{"allow":["GET"]}}],"collection":[{"href":"https:\/\/magicride.rocks\/index.php?rest_route=\/wp\/v2\/pages"}],"about":[{"href":"https:\/\/magicride.rocks\/index.php?rest_route=\/wp\/v2\/types\/page"}],"author":[{"embeddable":true,"href":"https:\/\/magicride.rocks\/index.php?rest_route=\/wp\/v2\/users\/1"}],"replies":[{"embeddable":true,"href":"https:\/\/magicride.rocks\/index.php?rest_route=%2Fwp%2Fv2%2Fcomments&post=1673"}],"version-history":[{"count":64,"href":"https:\/\/magicride.rocks\/index.php?rest_route=\/wp\/v2\/pages\/1673\/revisions"}],"predecessor-version":[{"id":2638,"href":"https:\/\/magicride.rocks\/index.php?rest_route=\/wp\/v2\/pages\/1673\/revisions\/2638"}],"wp:featuredmedia":[{"embeddable":true,"href":"https:\/\/magicride.rocks\/index.php?rest_route=\/wp\/v2\/media\/2198"}],"wp:attachment":[{"href":"https:\/\/magicride.rocks\/index.php?rest_route=%2Fwp%2Fv2%2Fmedia&parent=1673"}],"curies":[{"name":"wp","href":"https:\/\/api.w.org\/{rel}","templated":true}]}}